{"id":1869,"date":"2025-03-15T13:13:19","date_gmt":"2025-03-15T12:13:19","guid":{"rendered":"https:\/\/allforthefuture.nl\/?page_id=1869"},"modified":"2026-02-24T21:44:03","modified_gmt":"2026-02-24T20:44:03","slug":"reisverslag-2025","status":"publish","type":"page","link":"https:\/\/allforthefuture.nl\/en\/reisverslag-2025\/","title":{"rendered":"Reisverslag 2025"},"content":{"rendered":"<div id=\"pl-1869\"  class=\"panel-layout\" ><div id=\"pg-1869-0\"  class=\"panel-grid panel-has-style\" ><div class=\"panel-row-style panel-row-style-for-1869-0\" ><div id=\"pgc-1869-0-0\"  class=\"panel-grid-cell\" ><div class=\"panel-cell-style panel-cell-style-for-1869-0-0\" ><div id=\"panel-1869-0-0-0\" class=\"so-panel widget widget_sow-headline panel-first-child panel-last-child\" data-index=\"0\" ><div\n\t\t\t\n\t\t\tclass=\"so-widget-sow-headline so-widget-sow-headline-default-f4bffd0fb825-1869\"\n\t\t\t\n\t\t><div class=\"sow-headline-container\">\n\t\t\t\t\t\t\t<h2 class=\"sow-headline\">\n\t\t\t\t\t\tREISVERSLAG TANZANIA JANUARI 2025\t\t\t\t\t\t<\/h2>\n\t\t\t\t\t\t\t\t\t\t\t<div class=\"decoration\">\n\t\t\t\t\t\t<div class=\"decoration-inside\"><\/div>\n\t\t\t\t\t<\/div>\n\t\t\t\t\t<\/div>\n<\/div><\/div><\/div><\/div><\/div><\/div><div id=\"pg-1869-1\"  class=\"panel-grid panel-has-style\" ><div class=\"panel-row-style panel-row-style-for-1869-1\" ><div id=\"pgc-1869-1-0\"  class=\"panel-grid-cell\" ><div class=\"panel-cell-style panel-cell-style-for-1869-1-0\" ><div id=\"panel-1869-1-0-0\" class=\"so-panel widget widget_sow-editor panel-first-child panel-last-child\" data-index=\"1\" ><div class=\"panel-widget-style panel-widget-style-for-1869-1-0-0\" ><div\n\t\t\t\n\t\t\tclass=\"so-widget-sow-editor so-widget-sow-editor-base\"\n\t\t\t\n\t\t>\n<div class=\"siteorigin-widget-tinymce textwidget\">\n\t<p><img loading=\"lazy\" decoding=\"async\" class=\"size-medium wp-image-1870 alignright\" src=\"http:\/\/allforthefuture.nl\/wp-content\/uploads\/2025\/03\/RV2025_1-300x300.jpg\" alt=\"\" width=\"300\" height=\"300\" srcset=\"https:\/\/allforthefuture.nl\/wp-content\/uploads\/2025\/03\/RV2025_1-300x300.jpg 300w, https:\/\/allforthefuture.nl\/wp-content\/uploads\/2025\/03\/RV2025_1-1024x1024.jpg 1024w, https:\/\/allforthefuture.nl\/wp-content\/uploads\/2025\/03\/RV2025_1-150x150.jpg 150w, https:\/\/allforthefuture.nl\/wp-content\/uploads\/2025\/03\/RV2025_1-768x768.jpg 768w, https:\/\/allforthefuture.nl\/wp-content\/uploads\/2025\/03\/RV2025_1-12x12.jpg 12w, https:\/\/allforthefuture.nl\/wp-content\/uploads\/2025\/03\/RV2025_1.jpg 1122w\" sizes=\"auto, (max-width: 300px) 100vw, 300px\" \/><\/p>\n<p style=\"text-align: left;\"><span style=\"color: #000000;\"><b>Wat hebben we in korte tijd veel kunnen bewerkstelligen!<\/b><\/span><\/p>\n<p><span style=\"color: #006400;\"><b>Dit alles met dank aan al onze sponsoren!<\/b><\/span><\/p>\n<p><span style=\"color: #000000;\">Naast onze gebruikelijke empowerment en schoolfeeprojecten hadden we dit jaar ook de bouw van een watertoren en de renovatie van twee ruimtes te realiseren. Beide projecten zijn op 20 januari gestart en inmiddels met succes afgerond.<\/span><\/p>\n<hr \/>\n<p><span style=\"color: #000000;\"><strong><b>Watertoren Primary School Mkolowony<\/b><\/strong><\/span><\/p>\n<p><span style=\"color: #000000;\">In 2024 heb ik deze school voor het eerst bezocht. De school ligt niet ver van Marangu. Tijdens droge periodes komt er geen water uit de kraan (er is slechts \u00e9\u00e9n tappunt aanwezig). De bouw van een watertoren lost dit probleem op en zorgt voor water voor de toiletten, hygi\u00ebne en de bereiding van schoollunches.<\/span><\/p>\n<p><span style=\"color: #000000;\">Op 20 januari 2025 zijn we gestart met de bouw. Samen hebben we de beste locatie voor de watertoren bepaald, waarna de bouwvakkers konden beginnen met het inkopen van materialen en de daadwerkelijke bouw.<\/span><\/p>\n<p><span style=\"color: #000000;\">De realisatie van de watertoren is mogelijk gemaakt door de sponsoring van <b>Stichting Bisschop Bekkers<\/b>.<\/span><\/p>\n<p><img loading=\"lazy\" decoding=\"async\" class=\"size-full wp-image-1879 aligncenter\" src=\"http:\/\/allforthefuture.nl\/wp-content\/uploads\/2025\/03\/RV2025_2.jpg\" alt=\"\" width=\"1200\" height=\"600\" srcset=\"https:\/\/allforthefuture.nl\/wp-content\/uploads\/2025\/03\/RV2025_2.jpg 1200w, https:\/\/allforthefuture.nl\/wp-content\/uploads\/2025\/03\/RV2025_2-300x150.jpg 300w, https:\/\/allforthefuture.nl\/wp-content\/uploads\/2025\/03\/RV2025_2-1024x512.jpg 1024w, https:\/\/allforthefuture.nl\/wp-content\/uploads\/2025\/03\/RV2025_2-768x384.jpg 768w, https:\/\/allforthefuture.nl\/wp-content\/uploads\/2025\/03\/RV2025_2-18x9.jpg 18w\" sizes=\"auto, (max-width: 1200px) 100vw, 1200px\" \/><\/p>\n<hr \/>\n<p><span style=\"color: #000000;\"><b>Renovatieproject Primary School Ashira<\/b><\/span><\/p>\n<p><img loading=\"lazy\" decoding=\"async\" class=\"alignright wp-image-1898\" src=\"http:\/\/allforthefuture.nl\/wp-content\/uploads\/2025\/03\/RV2025_3-300x300.jpg\" alt=\"\" width=\"225\" height=\"225\" srcset=\"https:\/\/allforthefuture.nl\/wp-content\/uploads\/2025\/03\/RV2025_3-300x300.jpg 300w, https:\/\/allforthefuture.nl\/wp-content\/uploads\/2025\/03\/RV2025_3-150x150.jpg 150w, https:\/\/allforthefuture.nl\/wp-content\/uploads\/2025\/03\/RV2025_3-12x12.jpg 12w, https:\/\/allforthefuture.nl\/wp-content\/uploads\/2025\/03\/RV2025_3.jpg 756w\" sizes=\"auto, (max-width: 225px) 100vw, 225px\" \/><\/p>\n<p><span style=\"color: #000000;\">De Primary School Ashira is voor ons een bekende school. Drie jaar geleden zijn we hier gestart met ons eerste project en hebben we het computerlokaal hersteld en opnieuw laten installeren, zodat er weer computerlessen gegeven konden worden. Inmiddels krijgen de leerlingen van groep 5, 6 en 7 wekelijks computerles.<\/span><\/p>\n<p><span style=\"color: #000000;\">Om de school te helpen de kosten te reduceren, hebben we twee opslagruimtes laten opknappen tot volwaardige slaapkamers voor net afgestudeerde leerkrachten.<\/span><\/p>\n<p><img loading=\"lazy\" decoding=\"async\" class=\"alignleft wp-image-1905\" src=\"http:\/\/allforthefuture.nl\/wp-content\/uploads\/2025\/03\/RV2025_4-300x300.jpg\" alt=\"\" width=\"225\" height=\"225\" srcset=\"https:\/\/allforthefuture.nl\/wp-content\/uploads\/2025\/03\/RV2025_4-300x300.jpg 300w, https:\/\/allforthefuture.nl\/wp-content\/uploads\/2025\/03\/RV2025_4-150x150.jpg 150w, https:\/\/allforthefuture.nl\/wp-content\/uploads\/2025\/03\/RV2025_4-12x12.jpg 12w, https:\/\/allforthefuture.nl\/wp-content\/uploads\/2025\/03\/RV2025_4.jpg 756w\" sizes=\"auto, (max-width: 225px) 100vw, 225px\" \/><\/p>\n<p><span style=\"color: #000000;\">Daarnaast had mevrouw Nassary, het schoolhoofd, de wens om een winkeltje te openen voor de verkoop van schoolspullen. Op deze manier hoopt zij extra inkomsten te genereren voor het onderwijs.<\/span><\/p>\n<p><span style=\"color: #000000;\">De renovatie is mogelijk gemaakt door <b>Stichting Bisschop Bekkers<\/b>. De schoolspullen zijn gesponsord door <b>Bruna<\/b> <strong>Boxtel<\/strong>, waarmee de start van de verkoop is gerealiseerd.<\/span><\/p>\n<p><span style=\"color: #000000;\"><b>Resultaten:<\/b><\/span><\/p>\n<p>\u2705 <span style=\"color: #000000;\">Twee gerenoveerde slaap-\/woonkamers<br \/>\n<\/span>\u2705 <span style=\"color: #000000;\">Ruimte omgebouwd tot een winkel<\/span><\/p>\n<hr \/>\n<p><span style=\"color: #000000;\"><strong><b>Ziekenhuis Marangu<\/b><\/strong><\/span><\/p>\n<p><span style=\"color: #000000;\">Op zaterdagochtend heb ik het lokale ziekenhuis in Marangu bezocht om de ingezamelde leesbrillen en monturen aan oogarts Dr. Mall te overhandigen. Hier waren ze erg blij mee, omdat een bril voor veel mensen te duur is (tussen de \u20ac 50,- en \u20ac 75,-). Dit lokale ziekenhuis is ernstig verouderd en kan alle hulp goed gebruiken.\u00a0 <\/span><\/p>\n<p><img loading=\"lazy\" decoding=\"async\" class=\"size-full wp-image-1922 aligncenter\" src=\"http:\/\/allforthefuture.nl\/wp-content\/uploads\/2025\/03\/RV2025_5.jpg\" alt=\"\" width=\"1200\" height=\"600\" srcset=\"https:\/\/allforthefuture.nl\/wp-content\/uploads\/2025\/03\/RV2025_5.jpg 1200w, https:\/\/allforthefuture.nl\/wp-content\/uploads\/2025\/03\/RV2025_5-300x150.jpg 300w, https:\/\/allforthefuture.nl\/wp-content\/uploads\/2025\/03\/RV2025_5-1024x512.jpg 1024w, https:\/\/allforthefuture.nl\/wp-content\/uploads\/2025\/03\/RV2025_5-768x384.jpg 768w, https:\/\/allforthefuture.nl\/wp-content\/uploads\/2025\/03\/RV2025_5-18x9.jpg 18w\" sizes=\"auto, (max-width: 1200px) 100vw, 1200px\" \/><\/p>\n<hr \/>\n<p><span style=\"color: #000000;\"><strong><b>Schoolfee-project<\/b><\/strong><\/span><\/p>\n<p><span style=\"color: #000000;\">Naast (ver)bouwprojecten betalen we als stichting ook schoolgeld voor leerlingen van de primary school, secundary school en college\/university. Dit jaar heb ik samen met mevrouw Rhoda Shao verschillende scholen bezocht waar studenten studeren die wij sponsoren. We kregen uitgebreide rondleidingen en toelichtingen over de schoolsystemen, wat ons waardevolle inzichten gaf. Ook hebben we gesprekken gevoerd met leerkrachten en studenten over hun ontwikkeling en toekomst.<\/span><\/p>\n<p><span style=\"color: #000000;\">In totaal hebben we voor 50 leerlingen\/studenten het schoolgeld kunnen betalen, in samenwerking met Rhoda Shao en Sister Agnes van stichting Mokicco.<\/span><\/p>\n<ul>\n<li><span style=\"color: #000000;\"><b>40 leerlingen<\/b> van de primary school<\/span><\/li>\n<li><span style=\"color: #000000;\"><b>5 studenten<\/b> van de secundary school<\/span><\/li>\n<li><span style=\"color: #000000;\"><b>5 studenten<\/b> op college\/universiteit<\/span><\/li>\n<\/ul>\n<p><span style=\"color: #000000;\">Savegod Walter Mongi studeert aan de universiteit en volgt een opleiding om mensen met een handicap te begeleiden. Hij werkt al samen met dove mensen en beheerst gebarentaal. Hij heeft goede en realistische idee\u00ebn om de toekomst van mensen met een beperking te verbeteren. Savegod heeft deze idee\u00ebn met onze stichting gedeeld, en we onderzoeken hoe wij in de toekomst hieraan kunnen bijdragen.<\/span><\/p>\n<p><img loading=\"lazy\" decoding=\"async\" class=\"size-full wp-image-1951 aligncenter\" src=\"http:\/\/allforthefuture.nl\/wp-content\/uploads\/2025\/03\/RV2025_6.jpg\" alt=\"\" width=\"1200\" height=\"600\" srcset=\"https:\/\/allforthefuture.nl\/wp-content\/uploads\/2025\/03\/RV2025_6.jpg 1200w, https:\/\/allforthefuture.nl\/wp-content\/uploads\/2025\/03\/RV2025_6-300x150.jpg 300w, https:\/\/allforthefuture.nl\/wp-content\/uploads\/2025\/03\/RV2025_6-1024x512.jpg 1024w, https:\/\/allforthefuture.nl\/wp-content\/uploads\/2025\/03\/RV2025_6-768x384.jpg 768w, https:\/\/allforthefuture.nl\/wp-content\/uploads\/2025\/03\/RV2025_6-18x9.jpg 18w\" sizes=\"auto, (max-width: 1200px) 100vw, 1200px\" \/><\/p>\n<hr \/>\n<p><img loading=\"lazy\" decoding=\"async\" class=\"size-medium wp-image-1960 alignright\" src=\"http:\/\/allforthefuture.nl\/wp-content\/uploads\/2025\/03\/RV2025_7-300x300.jpg\" alt=\"\" width=\"300\" height=\"300\" srcset=\"https:\/\/allforthefuture.nl\/wp-content\/uploads\/2025\/03\/RV2025_7-300x300.jpg 300w, https:\/\/allforthefuture.nl\/wp-content\/uploads\/2025\/03\/RV2025_7-1024x1024.jpg 1024w, https:\/\/allforthefuture.nl\/wp-content\/uploads\/2025\/03\/RV2025_7-150x150.jpg 150w, https:\/\/allforthefuture.nl\/wp-content\/uploads\/2025\/03\/RV2025_7-768x768.jpg 768w, https:\/\/allforthefuture.nl\/wp-content\/uploads\/2025\/03\/RV2025_7-12x12.jpg 12w, https:\/\/allforthefuture.nl\/wp-content\/uploads\/2025\/03\/RV2025_7.jpg 1530w\" sizes=\"auto, (max-width: 300px) 100vw, 300px\" \/><\/p>\n<p><span style=\"color: #000000;\"><strong><b>Empowermentprojecten<\/b><\/strong><\/span><\/p>\n<p><span style=\"color: #000000;\">Samen met Rhoda heb ik twee alleenstaande moeders bezocht die in armoede leven. Onze stichting betaalt het schoolgeld voor hun kinderen. Daarnaast hebben we voor elk gezin een jonge koe gekocht. De koe voedt zichzelf met vrij beschikbaar gras en zal binnen een jaar groot genoeg zijn om drachtig te worden. Na de geboorte van een kalf kunnen de gezinnen melk consumeren en verkopen, en zo hun veestapel laten groeien. Rhoda zal toezicht houden op beide gezinnen en hen verder begeleiden. De koeien zijn gesponsord door <b>Stichting Vincentius Boxtel<\/b>.<\/span><\/p>\n<hr \/>\n<p><span style=\"color: #000000;\"><strong><b>Opvangcentrum voor thuisloze kinderen<\/b><br \/>\n<\/strong><\/span><\/p>\n<p><span style=\"color: #000000;\"><b>Neema Orphanage Centre (regio Kilimanjaro, Kaliali Machame)<\/b><\/span><\/p>\n<p><span style=\"color: #000000;\">Dit opvanghuis is opgericht door een zusterorde van de Lutherse kerk in Duitsland. Zij hebben ge\u00efnvesteerd in goed gebouwde huizen en faciliteiten.<\/span><\/p>\n<p><img loading=\"lazy\" decoding=\"async\" class=\"size-medium wp-image-1967 alignleft\" src=\"http:\/\/allforthefuture.nl\/wp-content\/uploads\/2025\/03\/RV2025_8-300x300.jpg\" alt=\"\" width=\"300\" height=\"300\" srcset=\"https:\/\/allforthefuture.nl\/wp-content\/uploads\/2025\/03\/RV2025_8-300x300.jpg 300w, https:\/\/allforthefuture.nl\/wp-content\/uploads\/2025\/03\/RV2025_8-1024x1024.jpg 1024w, https:\/\/allforthefuture.nl\/wp-content\/uploads\/2025\/03\/RV2025_8-150x150.jpg 150w, https:\/\/allforthefuture.nl\/wp-content\/uploads\/2025\/03\/RV2025_8-768x768.jpg 768w, https:\/\/allforthefuture.nl\/wp-content\/uploads\/2025\/03\/RV2025_8-12x12.jpg 12w, https:\/\/allforthefuture.nl\/wp-content\/uploads\/2025\/03\/RV2025_8.jpg 1200w\" sizes=\"auto, (max-width: 300px) 100vw, 300px\" \/><\/p>\n<p><span style=\"color: #000000;\">Het centrum was bedoeld om kinderen van 0 tot 3 jaar tijdelijk op te vangen en later terug te laten keren naar hun familie. Tot nu toe is er echter nog geen enkel kind opgehaald, waardoor er inmiddels 48 kinderen wonen (0-17 jaar). De jongste kinderen gaan naar de dagopvang, de oudere kinderen naar school, en kinderen met een beperking verblijven permanent in het centrum.<\/span><\/p>\n<p><span style=\"color: #000000;\">Deze kinderen zijn toegewezen door de overheid, maar ontvangen geen financi\u00eble ondersteuning. Kinderen met een beperking worden vaak aan hun lot overgelaten, omdat dit in de lokale cultuur soms als een straf van God wordt gezien.<\/span><\/p>\n<p><span style=\"color: #000000;\">Het centrum heeft een staf van 13 personen, waaronder verzorgers, peuterleidsters, een kok, schoonmakers, een sociale werker en een verzorger voor de tuin en veestapel (koeien, kippen en varkens).<\/span><\/p>\n<p><span style=\"color: #000000;\">Sister Agnes en James, de sociale werker, zullen samen met de staf een plan opstellen voor de ondersteuning van deze kinderen door All For The Future, zodat ook zij een toekomst hebben.<\/span><\/p>\n<p>&nbsp;<\/p>\n<hr \/>\n<p><img loading=\"lazy\" decoding=\"async\" class=\"size-full wp-image-1986 aligncenter\" src=\"http:\/\/allforthefuture.nl\/wp-content\/uploads\/2025\/03\/RV2025_9.jpg\" alt=\"\" width=\"1200\" height=\"600\" srcset=\"https:\/\/allforthefuture.nl\/wp-content\/uploads\/2025\/03\/RV2025_9.jpg 1200w, https:\/\/allforthefuture.nl\/wp-content\/uploads\/2025\/03\/RV2025_9-300x150.jpg 300w, https:\/\/allforthefuture.nl\/wp-content\/uploads\/2025\/03\/RV2025_9-1024x512.jpg 1024w, https:\/\/allforthefuture.nl\/wp-content\/uploads\/2025\/03\/RV2025_9-768x384.jpg 768w, https:\/\/allforthefuture.nl\/wp-content\/uploads\/2025\/03\/RV2025_9-18x9.jpg 18w\" sizes=\"auto, (max-width: 1200px) 100vw, 1200px\" \/><\/p>\n<p style=\"text-align: center;\"><span style=\"color: #000000;\"><strong>Will you help us to continue to support initiatives in the field of education, medical care and economic empowerment in the future? On the <a href=\"http:\/\/allforthefuture.nl\/en\/doneer\/\">donation page<\/a> you will find more information about how you can do that.<\/strong><\/span><\/p>\n<\/div>\n<\/div><\/div><\/div><\/div><\/div><\/div><\/div><\/div>","protected":false},"excerpt":{"rendered":"<p>Wat hebben we in korte tijd veel kunnen bewerkstelligen! Dit alles met dank aan al onze sponsoren! Naast onze gebruikelijke empowerment en schoolfeeprojecten hadden we dit jaar ook de bouw van een watertoren en de renovatie van twee ruimtes te realiseren. Beide projecten zijn op 20 januari gestart en inmiddels met succes afgerond. Watertoren Primary [&hellip;]<\/p>\n","protected":false},"author":1,"featured_media":0,"parent":0,"menu_order":0,"comment_status":"closed","ping_status":"closed","template":"","meta":{"footnotes":""},"class_list":["post-1869","page","type-page","status-publish","hentry"],"blocksy_meta":[],"yoast_head":"<title>Reisverslag 2025 - All for the future<\/title>\n<meta name=\"robots\" content=\"index, follow, max-snippet:-1, max-image-preview:large, max-video-preview:-1\" \/>\n<link rel=\"canonical\" href=\"http:\/\/allforthefuture.nl\/en\/reisverslag-2025\/\" \/>\n<meta property=\"og:locale\" content=\"en_US\" \/>\n<meta property=\"og:type\" content=\"article\" \/>\n<meta property=\"og:title\" content=\"Reisverslag 2025 - All for the future\" \/>\n<meta property=\"og:description\" content=\"Wat hebben we in korte tijd veel kunnen bewerkstelligen! Dit alles met dank aan al onze sponsoren! Naast onze gebruikelijke empowerment en schoolfeeprojecten hadden we dit jaar ook de bouw van een watertoren en de renovatie van twee ruimtes te realiseren. Beide projecten zijn op 20 januari gestart en inmiddels met succes afgerond. Watertoren Primary [&hellip;]\" \/>\n<meta property=\"og:url\" content=\"http:\/\/allforthefuture.nl\/en\/reisverslag-2025\/\" \/>\n<meta property=\"og:site_name\" content=\"All for the future\" \/>\n<meta property=\"article:modified_time\" content=\"2026-02-24T20:44:03+00:00\" \/>\n<meta property=\"og:image\" content=\"http:\/\/allforthefuture.nl\/wp-content\/uploads\/2025\/03\/RV2025_1-300x300.jpg\" \/>\n<meta name=\"twitter:card\" content=\"summary_large_image\" \/>\n<meta name=\"twitter:label1\" content=\"Est. reading time\" \/>\n\t<meta name=\"twitter:data1\" content=\"7 minutes\" \/>\n<script type=\"application\/ld+json\" class=\"yoast-schema-graph\">{\"@context\":\"https:\\\/\\\/schema.org\",\"@graph\":[{\"@type\":\"WebPage\",\"@id\":\"http:\\\/\\\/allforthefuture.nl\\\/reisverslag-2025\\\/\",\"url\":\"http:\\\/\\\/allforthefuture.nl\\\/reisverslag-2025\\\/\",\"name\":\"Reisverslag 2025 - All for the future\",\"isPartOf\":{\"@id\":\"https:\\\/\\\/allforthefuture.nl\\\/#website\"},\"primaryImageOfPage\":{\"@id\":\"http:\\\/\\\/allforthefuture.nl\\\/reisverslag-2025\\\/#primaryimage\"},\"image\":{\"@id\":\"http:\\\/\\\/allforthefuture.nl\\\/reisverslag-2025\\\/#primaryimage\"},\"thumbnailUrl\":\"http:\\\/\\\/allforthefuture.nl\\\/wp-content\\\/uploads\\\/2025\\\/03\\\/RV2025_1-300x300.jpg\",\"datePublished\":\"2025-03-15T12:13:19+00:00\",\"dateModified\":\"2026-02-24T20:44:03+00:00\",\"breadcrumb\":{\"@id\":\"http:\\\/\\\/allforthefuture.nl\\\/reisverslag-2025\\\/#breadcrumb\"},\"inLanguage\":\"en-US\",\"potentialAction\":[{\"@type\":\"ReadAction\",\"target\":[\"http:\\\/\\\/allforthefuture.nl\\\/reisverslag-2025\\\/\"]}]},{\"@type\":\"ImageObject\",\"inLanguage\":\"en-US\",\"@id\":\"http:\\\/\\\/allforthefuture.nl\\\/reisverslag-2025\\\/#primaryimage\",\"url\":\"http:\\\/\\\/allforthefuture.nl\\\/wp-content\\\/uploads\\\/2025\\\/03\\\/RV2025_1-300x300.jpg\",\"contentUrl\":\"http:\\\/\\\/allforthefuture.nl\\\/wp-content\\\/uploads\\\/2025\\\/03\\\/RV2025_1-300x300.jpg\"},{\"@type\":\"BreadcrumbList\",\"@id\":\"http:\\\/\\\/allforthefuture.nl\\\/reisverslag-2025\\\/#breadcrumb\",\"itemListElement\":[{\"@type\":\"ListItem\",\"position\":1,\"name\":\"Home\",\"item\":\"https:\\\/\\\/allforthefuture.nl\\\/\"},{\"@type\":\"ListItem\",\"position\":2,\"name\":\"Reisverslag 2025\"}]},{\"@type\":\"WebSite\",\"@id\":\"https:\\\/\\\/allforthefuture.nl\\\/#website\",\"url\":\"https:\\\/\\\/allforthefuture.nl\\\/\",\"name\":\"All for the future\",\"description\":\"Support the needs, ter bevordering van gelijke kansen!\",\"publisher\":{\"@id\":\"https:\\\/\\\/allforthefuture.nl\\\/#organization\"},\"potentialAction\":[{\"@type\":\"SearchAction\",\"target\":{\"@type\":\"EntryPoint\",\"urlTemplate\":\"https:\\\/\\\/allforthefuture.nl\\\/?s={search_term_string}\"},\"query-input\":{\"@type\":\"PropertyValueSpecification\",\"valueRequired\":true,\"valueName\":\"search_term_string\"}}],\"inLanguage\":\"en-US\"},{\"@type\":\"Organization\",\"@id\":\"https:\\\/\\\/allforthefuture.nl\\\/#organization\",\"name\":\"All for the future\",\"url\":\"https:\\\/\\\/allforthefuture.nl\\\/\",\"logo\":{\"@type\":\"ImageObject\",\"inLanguage\":\"en-US\",\"@id\":\"https:\\\/\\\/allforthefuture.nl\\\/#\\\/schema\\\/logo\\\/image\\\/\",\"url\":\"https:\\\/\\\/allforthefuture.nl\\\/wp-content\\\/uploads\\\/2023\\\/04\\\/Logo.jpeg\",\"contentUrl\":\"https:\\\/\\\/allforthefuture.nl\\\/wp-content\\\/uploads\\\/2023\\\/04\\\/Logo.jpeg\",\"width\":1000,\"height\":335,\"caption\":\"All for the future\"},\"image\":{\"@id\":\"https:\\\/\\\/allforthefuture.nl\\\/#\\\/schema\\\/logo\\\/image\\\/\"}}]}<\/script>","yoast_head_json":{"title":"Reisverslag 2025 - All for the future","robots":{"index":"index","follow":"follow","max-snippet":"max-snippet:-1","max-image-preview":"max-image-preview:large","max-video-preview":"max-video-preview:-1"},"canonical":"http:\/\/allforthefuture.nl\/en\/reisverslag-2025\/","og_locale":"en_US","og_type":"article","og_title":"Reisverslag 2025 - All for the future","og_description":"Wat hebben we in korte tijd veel kunnen bewerkstelligen! Dit alles met dank aan al onze sponsoren! Naast onze gebruikelijke empowerment en schoolfeeprojecten hadden we dit jaar ook de bouw van een watertoren en de renovatie van twee ruimtes te realiseren. Beide projecten zijn op 20 januari gestart en inmiddels met succes afgerond. Watertoren Primary [&hellip;]","og_url":"http:\/\/allforthefuture.nl\/en\/reisverslag-2025\/","og_site_name":"All for the future","article_modified_time":"2026-02-24T20:44:03+00:00","og_image":[{"url":"http:\/\/allforthefuture.nl\/wp-content\/uploads\/2025\/03\/RV2025_1-300x300.jpg","type":"","width":"","height":""}],"twitter_card":"summary_large_image","twitter_misc":{"Est. reading time":"7 minutes"},"schema":{"@context":"https:\/\/schema.org","@graph":[{"@type":"WebPage","@id":"http:\/\/allforthefuture.nl\/reisverslag-2025\/","url":"http:\/\/allforthefuture.nl\/reisverslag-2025\/","name":"Reisverslag 2025 - All for the future","isPartOf":{"@id":"https:\/\/allforthefuture.nl\/#website"},"primaryImageOfPage":{"@id":"http:\/\/allforthefuture.nl\/reisverslag-2025\/#primaryimage"},"image":{"@id":"http:\/\/allforthefuture.nl\/reisverslag-2025\/#primaryimage"},"thumbnailUrl":"http:\/\/allforthefuture.nl\/wp-content\/uploads\/2025\/03\/RV2025_1-300x300.jpg","datePublished":"2025-03-15T12:13:19+00:00","dateModified":"2026-02-24T20:44:03+00:00","breadcrumb":{"@id":"http:\/\/allforthefuture.nl\/reisverslag-2025\/#breadcrumb"},"inLanguage":"en-US","potentialAction":[{"@type":"ReadAction","target":["http:\/\/allforthefuture.nl\/reisverslag-2025\/"]}]},{"@type":"ImageObject","inLanguage":"en-US","@id":"http:\/\/allforthefuture.nl\/reisverslag-2025\/#primaryimage","url":"http:\/\/allforthefuture.nl\/wp-content\/uploads\/2025\/03\/RV2025_1-300x300.jpg","contentUrl":"http:\/\/allforthefuture.nl\/wp-content\/uploads\/2025\/03\/RV2025_1-300x300.jpg"},{"@type":"BreadcrumbList","@id":"http:\/\/allforthefuture.nl\/reisverslag-2025\/#breadcrumb","itemListElement":[{"@type":"ListItem","position":1,"name":"Home","item":"https:\/\/allforthefuture.nl\/"},{"@type":"ListItem","position":2,"name":"Reisverslag 2025"}]},{"@type":"WebSite","@id":"https:\/\/allforthefuture.nl\/#website","url":"https:\/\/allforthefuture.nl\/","name":"All for the future","description":"Support the needs, ter bevordering van gelijke kansen!","publisher":{"@id":"https:\/\/allforthefuture.nl\/#organization"},"potentialAction":[{"@type":"SearchAction","target":{"@type":"EntryPoint","urlTemplate":"https:\/\/allforthefuture.nl\/?s={search_term_string}"},"query-input":{"@type":"PropertyValueSpecification","valueRequired":true,"valueName":"search_term_string"}}],"inLanguage":"en-US"},{"@type":"Organization","@id":"https:\/\/allforthefuture.nl\/#organization","name":"All for the future","url":"https:\/\/allforthefuture.nl\/","logo":{"@type":"ImageObject","inLanguage":"en-US","@id":"https:\/\/allforthefuture.nl\/#\/schema\/logo\/image\/","url":"https:\/\/allforthefuture.nl\/wp-content\/uploads\/2023\/04\/Logo.jpeg","contentUrl":"https:\/\/allforthefuture.nl\/wp-content\/uploads\/2023\/04\/Logo.jpeg","width":1000,"height":335,"caption":"All for the future"},"image":{"@id":"https:\/\/allforthefuture.nl\/#\/schema\/logo\/image\/"}}]}},"_links":{"self":[{"href":"https:\/\/allforthefuture.nl\/en\/wp-json\/wp\/v2\/pages\/1869","targetHints":{"allow":["GET"]}}],"collection":[{"href":"https:\/\/allforthefuture.nl\/en\/wp-json\/wp\/v2\/pages"}],"about":[{"href":"https:\/\/allforthefuture.nl\/en\/wp-json\/wp\/v2\/types\/page"}],"author":[{"embeddable":true,"href":"https:\/\/allforthefuture.nl\/en\/wp-json\/wp\/v2\/users\/1"}],"replies":[{"embeddable":true,"href":"https:\/\/allforthefuture.nl\/en\/wp-json\/wp\/v2\/comments?post=1869"}],"version-history":[{"count":113,"href":"https:\/\/allforthefuture.nl\/en\/wp-json\/wp\/v2\/pages\/1869\/revisions"}],"predecessor-version":[{"id":2102,"href":"https:\/\/allforthefuture.nl\/en\/wp-json\/wp\/v2\/pages\/1869\/revisions\/2102"}],"wp:attachment":[{"href":"https:\/\/allforthefuture.nl\/en\/wp-json\/wp\/v2\/media?parent=1869"}],"curies":[{"name":"wp","href":"https:\/\/api.w.org\/{rel}","templated":true}]}}